{"id":931,"date":"2019-12-20T10:23:53","date_gmt":"2019-12-20T09:23:53","guid":{"rendered":"http:\/\/www.blumenbiene.de\/?page_id=931"},"modified":"2020-11-19T12:22:37","modified_gmt":"2020-11-19T11:22:37","slug":"impressum","status":"publish","type":"page","link":"https:\/\/www.blumenbiene.de\/index.php\/impressum\/","title":{"rendered":"Impressum"},"content":{"rendered":"<div id=\"pl-931\"  class=\"panel-layout\" ><div id=\"pg-931-0\"  class=\"panel-grid panel-no-style\" ><div id=\"pgc-931-0-0\"  class=\"panel-grid-cell\" ><div id=\"panel-931-0-0-0\" class=\"so-panel widget widget_sow-editor panel-first-child panel-last-child\" data-index=\"0\" ><div\n\t\t\t\n\t\t\tclass=\"so-widget-sow-editor so-widget-sow-editor-base\"\n\t\t\t\n\t\t><h3 class=\"widget-title\">Impressum<\/h3>\n<div class=\"siteorigin-widget-tinymce textwidget\">\n\t<p><span style=\"vertical-align: inherit;\"><span style=\"vertical-align: inherit;\">Dieter Sandlos <\/span><\/span><br \/>\n<span style=\"vertical-align: inherit;\"><span style=\"vertical-align: inherit;\">Dinkelroderstra\u00dfe 8 <\/span><\/span><br \/>\n<span style=\"vertical-align: inherit;\"><span style=\"vertical-align: inherit;\">Malkomes <\/span><\/span><br \/>\n<span style=\"vertical-align: inherit;\"><span style=\"vertical-align: inherit;\">36277 Schenklengsfeld<\/span><\/span><\/p>\n<p><span style=\"vertical-align: inherit;\"><span style=\"vertical-align: inherit;\">Telefon: 066296904 <\/span><\/span><br \/>\n<span style=\"vertical-align: inherit;\"><span style=\"vertical-align: inherit;\">Telefax: 06629808701 <\/span><\/span><br \/>\n<span style=\"vertical-align: inherit;\"><span style=\"vertical-align: inherit;\">E-Mail: <\/span><\/span><a href=\"mailto:info@blumenbiene.de\"><span style=\"vertical-align: inherit;\"><span style=\"vertical-align: inherit;\">info@blumenbiene.de<\/span><\/span><\/a><\/p>\n<p><strong><span style=\"vertical-align: inherit;\"><span style=\"vertical-align: inherit;\">Bildrechte:<\/span><\/span><\/strong><\/p>\n<p>Dieter Sandlos<\/p>\n<p>Mutti5+3, CC BY-SA 4.0 &lt;https:\/\/creativecommons.org\/licenses\/by-sa\/4.0&gt;, via Wikimedia Commons<br \/>\njosef knecht, CC BY 3.0 &lt;https:\/\/creativecommons.org\/licenses\/by\/3.0&gt;, via Wikimedia Commons<br \/>\nJ\u00f6rg Braukmann, CC BY-SA 4.0 &lt;https:\/\/creativecommons.org\/licenses\/by-sa\/4.0&gt;, via Wikimedia Commons<\/p>\n<p>Dr. Arnulf M\u00fcller<br \/>\nUnteraltenweiher 1<br \/>\n36163 Poppenhausen<\/p>\n<p>&nbsp;<\/p>\n<h2><span style=\"vertical-align: inherit;\"><span style=\"vertical-align: inherit;\">Hinweis gem\u00e4\u00df Online-Streitbeilegungs-Verordnung<\/span><\/span><\/h2>\n<p><span style=\"vertical-align: inherit;\"><span style=\"vertical-align: inherit;\">Nach geltendem Recht sind wir verpflichtet, dem Bestehen der Europ\u00e4ischen Online-Streitbeilegungs-Plattform hinzuweisen, dass die Beilegung der Streitigkeiten genutzt werden kann, ohne dass ein Gericht eingeschaltet wird. <\/span><span style=\"vertical-align: inherit;\">F\u00fcr die Einrichtung der Plattform ist die Europ\u00e4ische Kommission zust\u00e4ndig. <\/span><span style=\"vertical-align: inherit;\">Die Europ\u00e4ische Online-Streitbeilegungs-Plattform ist hier zu finden: <\/span><\/span><a href=\"http:\/\/ec.europa.eu\/odr\" target=\"_blank\" rel=\"nofollow noopener noreferrer\"><span style=\"vertical-align: inherit;\"><span style=\"vertical-align: inherit;\">http:\/\/ec.europa.eu\/odr<\/span><\/span><\/a><span style=\"vertical-align: inherit;\"><span style=\"vertical-align: inherit;\"> . <\/span><span style=\"vertical-align: inherit;\">Unsere E-Mail lautet: <\/span><\/span><a href=\"mailto:info@blumenbiene.de\"><span style=\"vertical-align: inherit;\"><span style=\"vertical-align: inherit;\">info@blumenbiene.de<\/span><\/span><\/a><\/p>\n<p><span style=\"vertical-align: inherit;\"><span style=\"vertical-align: inherit;\">Wir m\u00f6chten, dass wir nicht bereit sind, ein Streitbeilegungsverfahren im Rahmen der Europ\u00e4ischen Online-Streitbeilegungsplattform zu beteiligen. <\/span><span style=\"vertical-align: inherit;\">Bitte nutzen Sie unsere obige E-Mail und Telefonnummer.<\/span><\/span><\/p>\n<h2><span style=\"vertical-align: inherit;\"><span style=\"vertical-align: inherit;\">Haftungsausschluss - rechtliche Hinweise<\/span><\/span><\/h2>\n<p>\u00a7 1 Warnhinweis zu Inhalten<br \/>\nDie kostenlosen und frei zug\u00e4nglichen Inhalte dieser Webseite wurden mit gr\u00f6\u00dftm\u00f6glicher Sorgfalt erstellt. Der Anbieter dieser Webseite \u00fcbernimmt jedoch keine Gew\u00e4hr f\u00fcr die Richtigkeit und Aktualit\u00e4t der bereitgestellten kostenlosen und frei zug\u00e4nglichen journalistischen Ratgeber und Nachrichten. Namentlich gekennzeichnete Beitr\u00e4ge geben die Meinung des jeweiligen Autors und nicht immer die Meinung des Anbieters wieder. Allein durch den Aufruf der kostenlosen und frei zug\u00e4nglichen Inhalte kommt keinerlei Vertragsverh\u00e4ltnis zwischen dem Nutzer und dem Anbieter zustande, insoweit fehlt es am Rechtsbindungswillen des Anbieters.<\/p>\n<p>\u00a7 2 Externe Links<br \/>\nDiese Website enth\u00e4lt Verkn\u00fcpfungen zu Websites Dritter (\"externe Links\"). Diese Websites unterliegen der Haftung der jeweiligen Betreiber. Der Anbieter hat bei der erstmaligen Verkn\u00fcpfung der externen Links die fremden Inhalte daraufhin \u00fcberpr\u00fcft, ob etwaige Rechtsverst\u00f6\u00dfe bestehen. Zu dem Zeitpunkt waren keine Rechtsverst\u00f6\u00dfe ersichtlich. Der Anbieter hat keinerlei Einfluss auf die aktuelle und zuk\u00fcnftige Gestaltung und auf die Inhalte der verkn\u00fcpften Seiten. Das Setzen von externen Links bedeutet nicht, dass sich der Anbieter die hinter dem Verweis oder Link liegenden Inhalte zu Eigen macht. Eine st\u00e4ndige Kontrolle der externen Links ist f\u00fcr den Anbieter ohne konkrete Hinweise auf Rechtsverst\u00f6\u00dfe nicht zumutbar. Bei Kenntnis von Rechtsverst\u00f6\u00dfen werden jedoch derartige externe Links unverz\u00fcglich gel\u00f6scht.<\/p>\n<p>\u00a7 3 Urheber- und Leistungsschutzrechte<br \/>\nDie auf dieser Website ver\u00f6ffentlichten Inhalte unterliegen dem deutschen Urheber- und Leistungsschutzrecht. Jede vom deutschen Urheber- und Leistungsschutzrecht nicht zugelassene Verwertung bedarf der vorherigen schriftlichen Zustimmung des Anbieters oder jeweiligen Rechteinhabers. Dies gilt insbesondere f\u00fcr Vervielf\u00e4ltigung, Bearbeitung, \u00dcbersetzung, Einspeicherung, Verarbeitung bzw. Wiedergabe von Inhalten in Datenbanken oder anderen elektronischen Medien und Systemen. Inhalte und Rechte Dritter sind dabei als solche gekennzeichnet. Die unerlaubte Vervielf\u00e4ltigung oder Weitergabe einzelner Inhalte oder kompletter Seiten ist nicht gestattet und strafbar. Lediglich die Herstellung von Kopien und Downloads f\u00fcr den pers\u00f6nlichen, privaten und nicht kommerziellen Gebrauch ist erlaubt.<\/p>\n<p><span style=\"vertical-align: inherit;\"><span style=\"vertical-align: inherit;\">Die Darstellung dieser Website in fremden Frames ist nur mit schriftlicher Erlaubnis zul\u00e4ssig.<\/span><\/span><\/p>\n<p><span style=\"vertical-align: inherit;\"><span style=\"vertical-align: inherit;\">\u00a7 4 Besondere Nutzungsbedingungen <\/span><\/span><br \/>\n<span style=\"vertical-align: inherit;\"><span style=\"vertical-align: inherit;\">Soweit besondere Bedingungen f\u00fcr einzelne Nutzungen dieser Website vorliegen, wird auf eine entsprechende Stelle ausdr\u00fccklich hingewiesen. <\/span><span style=\"vertical-align: inherit;\">In this trap are each single case of the special terms.<\/span><\/span><\/p>\n<p><span style=\"vertical-align: inherit;\"><span style=\"vertical-align: inherit;\">Quelle: <\/span><\/span><a href=\"https:\/\/www.juraforum.de\/impressum-generator\/\"><span style=\"vertical-align: inherit;\"><span style=\"vertical-align: inherit;\">Impressum Vorlage von JuraForum.de<\/span><\/span><\/a><\/p>\n<\/div>\n<\/div><\/div><\/div><\/div><\/div>","protected":false},"excerpt":{"rendered":"<p>Dieter Sandlos Dinkelroderstra\u00dfe 8 Malkomes 36277 Schenklengsfeld Telefon: 066296904 Telefax: 06629808701 E-Mail: info@blumenbiene.de Bildrechte: Dieter Sandlos Mutti5+3, CC BY-SA 4.0 &lt;https:\/\/creativecommons.org\/licenses\/by-sa\/4.0&gt;, via Wikimedia Commons josef knecht, CC BY 3.0 &lt;https:\/\/creativecommons.org\/licenses\/by\/3.0&gt;, via Wikimedia Commons J\u00f6rg Braukmann, CC BY-SA 4.0 &lt;https:\/\/creativecommons.org\/licenses\/by-sa\/4.0&gt;, via Wikimedia Commons Dr. Arnulf M\u00fcller Unteraltenweiher 1 36163 Poppenhausen &nbsp; Hinweis gem\u00e4\u00df Online-Streitbeilegungs-Verordnung Nach geltendem [&hellip;]<\/p>\n","protected":false},"author":1,"featured_media":0,"parent":0,"menu_order":0,"comment_status":"closed","ping_status":"closed","template":"","meta":{"footnotes":""},"class_list":["post-931","page","type-page","status-publish","hentry","post"],"_links":{"self":[{"href":"https:\/\/www.blumenbiene.de\/index.php\/wp-json\/wp\/v2\/pages\/931","targetHints":{"allow":["GET"]}}],"collection":[{"href":"https:\/\/www.blumenbiene.de\/index.php\/wp-json\/wp\/v2\/pages"}],"about":[{"href":"https:\/\/www.blumenbiene.de\/index.php\/wp-json\/wp\/v2\/types\/page"}],"author":[{"embeddable":true,"href":"https:\/\/www.blumenbiene.de\/index.php\/wp-json\/wp\/v2\/users\/1"}],"replies":[{"embeddable":true,"href":"https:\/\/www.blumenbiene.de\/index.php\/wp-json\/wp\/v2\/comments?post=931"}],"version-history":[{"count":9,"href":"https:\/\/www.blumenbiene.de\/index.php\/wp-json\/wp\/v2\/pages\/931\/revisions"}],"predecessor-version":[{"id":1616,"href":"https:\/\/www.blumenbiene.de\/index.php\/wp-json\/wp\/v2\/pages\/931\/revisions\/1616"}],"wp:attachment":[{"href":"https:\/\/www.blumenbiene.de\/index.php\/wp-json\/wp\/v2\/media?parent=931"}],"curies":[{"name":"wp","href":"https:\/\/api.w.org\/{rel}","templated":true}]}}