{"id":734,"date":"2019-12-19T15:13:39","date_gmt":"2019-12-19T14:13:39","guid":{"rendered":"http:\/\/www.blumenbiene.de\/?page_id=734"},"modified":"2021-01-06T09:57:16","modified_gmt":"2021-01-06T08:57:16","slug":"rhoen-honig","status":"publish","type":"page","link":"https:\/\/www.blumenbiene.de\/index.php\/rhoen-honig\/","title":{"rendered":"Schleuderung"},"content":{"rendered":"<div id=\"pl-734\"  class=\"panel-layout\" ><div id=\"pg-734-0\"  class=\"panel-grid panel-no-style\" ><div id=\"pgc-734-0-0\"  class=\"panel-grid-cell panel-grid-cell-empty\" ><\/div><div id=\"pgc-734-0-1\"  class=\"panel-grid-cell panel-grid-cell-mobile-last\" ><div id=\"panel-734-0-1-0\" class=\"so-panel widget widget_sow-editor panel-first-child panel-last-child\" data-index=\"0\" ><div\n\t\t\t\n\t\t\tclass=\"so-widget-sow-editor so-widget-sow-editor-base\"\n\t\t\t\n\t\t>\n<div class=\"siteorigin-widget-tinymce textwidget\">\n\t<p style=\"text-align: center;\"><span style=\"color: #003300; font-size: 24px;\"><strong><span style=\"font-family: 'trebuchet ms', geneva, sans-serif;\">Die Honigschleuderung<\/span><\/strong><\/span><\/p>\n<p>&nbsp;<\/p>\n<p style=\"text-align: center;\"><span style=\"color: #800000;\"><strong><span style=\"font-family: 'trebuchet ms', geneva, sans-serif; font-size: 20px;\">Der Honig wird in der Wabe gesammelt und mit dem k\u00f6rpereigenen Wachs der Bienen verschlossen. Nach Entfernen der Wachsdeckel wird der stockwarme und d\u00fcnnfl\u00fcssige Honig in einer Honigschleuder aus den Waben gewonnen.<\/span><\/strong><\/span><\/p>\n<p>&nbsp;<\/p>\n<\/div>\n<\/div><\/div><\/div><div id=\"pgc-734-0-2\"  class=\"panel-grid-cell panel-grid-cell-empty\" ><\/div><\/div><div id=\"pg-734-1\"  class=\"panel-grid panel-no-style\" ><div id=\"pgc-734-1-0\"  class=\"panel-grid-cell panel-grid-cell-empty\" ><\/div><div id=\"pgc-734-1-1\"  class=\"panel-grid-cell\" ><div id=\"panel-734-1-1-0\" class=\"so-panel widget widget_sow-editor panel-first-child panel-last-child\" data-index=\"1\" ><div\n\t\t\t\n\t\t\tclass=\"so-widget-sow-editor so-widget-sow-editor-base\"\n\t\t\t\n\t\t>\n<div class=\"siteorigin-widget-tinymce textwidget\">\n\t<p>&nbsp;<\/p>\n<p style=\"text-align: center;\"><span style=\"font-family: 'trebuchet ms', geneva, sans-serif; font-size: 20px; color: #003300;\">Nur gut gef\u00fcllte und vollst\u00e4ndig verdeckelte Honigwaben werden den V\u00f6lkern bei der Ernte entnommen. Nach dem Entdeckeln, welches in unserer Imkerei h\u00e4ndisch geschieht, gelangen die Waben in die Honigschleuder in der sie dann schonend geschleudert werden.<\/span><\/p>\n<p style=\"text-align: center;\"><span style=\"font-family: 'trebuchet ms', geneva, sans-serif; font-size: 20px; color: #003300;\">Das anfallende Entdeckelunswachs wird nach der Honigernte eingeschmolzen und wird wieder zu neuen Mittelw\u00e4nden verarbeitet. Damit schlie\u00dft sich der Wachskreislauf.<\/span><\/p>\n<\/div>\n<\/div><\/div><\/div><div id=\"pgc-734-1-2\"  class=\"panel-grid-cell panel-grid-cell-empty\" ><\/div><div id=\"pgc-734-1-3\"  class=\"panel-grid-cell\" ><div id=\"panel-734-1-3-0\" class=\"so-panel widget widget_sow-image panel-first-child panel-last-child\" data-index=\"2\" ><div\n\t\t\t\n\t\t\tclass=\"so-widget-sow-image so-widget-sow-image-default-8b5b6f678277-734\"\n\t\t\t\n\t\t>\n<div class=\"sow-image-container\">\n\t\t<img \n\tsrc=\"https:\/\/www.blumenbiene.de\/wp-content\/uploads\/2019\/12\/IMG_2281-2016_12_10-18_08_16-UTC-2017_03_09-20_55_41-UTC.jpg\" width=\"659\" height=\"494\" srcset=\"https:\/\/www.blumenbiene.de\/wp-content\/uploads\/2019\/12\/IMG_2281-2016_12_10-18_08_16-UTC-2017_03_09-20_55_41-UTC.jpg 659w, https:\/\/www.blumenbiene.de\/wp-content\/uploads\/2019\/12\/IMG_2281-2016_12_10-18_08_16-UTC-2017_03_09-20_55_41-UTC-100x75.jpg 100w, https:\/\/www.blumenbiene.de\/wp-content\/uploads\/2019\/12\/IMG_2281-2016_12_10-18_08_16-UTC-2017_03_09-20_55_41-UTC-300x225.jpg 300w\" sizes=\"(max-width: 659px) 100vw, 659px\" title=\"Wabe entdeckeln\" alt=\"\" \t\tclass=\"so-widget-image\"\/>\n\t<\/div>\n\n<\/div><\/div><\/div><\/div><div id=\"pg-734-2\"  class=\"panel-grid panel-no-style\" ><div id=\"pgc-734-2-0\"  class=\"panel-grid-cell\" ><div id=\"panel-734-2-0-0\" class=\"so-panel widget widget_sow-image panel-first-child panel-last-child\" data-index=\"3\" ><div\n\t\t\t\n\t\t\tclass=\"so-widget-sow-image so-widget-sow-image-default-8b5b6f678277-734\"\n\t\t\t\n\t\t>\n<div class=\"sow-image-container\">\n\t\t<img \n\tsrc=\"https:\/\/www.blumenbiene.de\/wp-content\/uploads\/2019\/12\/IMG_2277-2016_12_10-18_08_16-UTC-2017_03_09-20_55_41-UTC.jpg\" width=\"2181\" height=\"1636\" srcset=\"https:\/\/www.blumenbiene.de\/wp-content\/uploads\/2019\/12\/IMG_2277-2016_12_10-18_08_16-UTC-2017_03_09-20_55_41-UTC.jpg 2181w, https:\/\/www.blumenbiene.de\/wp-content\/uploads\/2019\/12\/IMG_2277-2016_12_10-18_08_16-UTC-2017_03_09-20_55_41-UTC-100x75.jpg 100w, https:\/\/www.blumenbiene.de\/wp-content\/uploads\/2019\/12\/IMG_2277-2016_12_10-18_08_16-UTC-2017_03_09-20_55_41-UTC-300x225.jpg 300w, https:\/\/www.blumenbiene.de\/wp-content\/uploads\/2019\/12\/IMG_2277-2016_12_10-18_08_16-UTC-2017_03_09-20_55_41-UTC-1024x768.jpg 1024w, https:\/\/www.blumenbiene.de\/wp-content\/uploads\/2019\/12\/IMG_2277-2016_12_10-18_08_16-UTC-2017_03_09-20_55_41-UTC-768x576.jpg 768w, https:\/\/www.blumenbiene.de\/wp-content\/uploads\/2019\/12\/IMG_2277-2016_12_10-18_08_16-UTC-2017_03_09-20_55_41-UTC-1536x1152.jpg 1536w, https:\/\/www.blumenbiene.de\/wp-content\/uploads\/2019\/12\/IMG_2277-2016_12_10-18_08_16-UTC-2017_03_09-20_55_41-UTC-2048x1536.jpg 2048w\" sizes=\"(max-width: 2181px) 100vw, 2181px\" title=\"IMG_2277 (2016_12_10 18_08_16 UTC) (2017_03_09 20_55_41 UTC)\" alt=\"\" \t\tclass=\"so-widget-image\"\/>\n\t<\/div>\n\n<\/div><\/div><\/div><div id=\"pgc-734-2-1\"  class=\"panel-grid-cell panel-grid-cell-empty\" ><\/div><div id=\"pgc-734-2-2\"  class=\"panel-grid-cell panel-grid-cell-mobile-last\" ><div id=\"panel-734-2-2-0\" class=\"so-panel widget widget_sow-editor panel-first-child panel-last-child\" data-index=\"4\" ><div\n\t\t\t\n\t\t\tclass=\"so-widget-sow-editor so-widget-sow-editor-base\"\n\t\t\t\n\t\t>\n<div class=\"siteorigin-widget-tinymce textwidget\">\n\t<p>&nbsp;<\/p>\n<p>&nbsp;<\/p>\n<p style=\"text-align: center;\"><span style=\"font-family: 'trebuchet ms', geneva, sans-serif; font-size: 20px; color: #800000;\">Nach dem Sieben und R\u00fchren bis zum Beginn der Kristallisation<\/span><\/p>\n<p style=\"text-align: center;\"><span style=\"font-family: 'trebuchet ms', geneva, sans-serif; font-size: 20px; color: #800000;\">- es wird eine streichf\u00e4hige Konsistenz angestrebt-<\/span><\/p>\n<p style=\"text-align: center;\"><span style=\"font-family: 'trebuchet ms', geneva, sans-serif; font-size: 20px; color: #800000;\">folgt das Abf\u00fcllen in das Honigglas. Die schonende Behandlung des unverf\u00e4lschten Naturproduktes garantiert die urspr\u00fcngliche Qualit\u00e4t, mit welcher die Bienen den Honig durch ihren nat\u00fcrlichen Sammeltrieb erzeugt haben.<\/span><\/p>\n<\/div>\n<\/div><\/div><\/div><div id=\"pgc-734-2-3\"  class=\"panel-grid-cell panel-grid-cell-empty\" ><\/div><\/div><div id=\"pg-734-3\"  class=\"panel-grid panel-no-style\" ><div id=\"pgc-734-3-0\"  class=\"panel-grid-cell panel-grid-cell-empty\" ><\/div><\/div><div id=\"pg-734-4\"  class=\"panel-grid panel-no-style\" ><div id=\"pgc-734-4-0\"  class=\"panel-grid-cell panel-grid-cell-empty\" ><\/div><div id=\"pgc-734-4-1\"  class=\"panel-grid-cell panel-grid-cell-mobile-last\" ><div id=\"panel-734-4-1-0\" class=\"so-panel widget widget_sow-editor panel-first-child panel-last-child\" data-index=\"5\" ><div\n\t\t\t\n\t\t\tclass=\"so-widget-sow-editor so-widget-sow-editor-base\"\n\t\t\t\n\t\t>\n<div class=\"siteorigin-widget-tinymce textwidget\">\n\t<p>&nbsp;<\/p>\n<p style=\"text-align: center;\"><span style=\"font-family: 'trebuchet ms', geneva, sans-serif; font-size: 20px; color: #003300;\">Dies bedeutet, dass unser Honig unver\u00e4ndert gewonnen wird. Es wird nichts entzogen und nichts hinzugef\u00fcgt und die Inhaltsstoffe werden nicht durch \u00e4u\u00dfere Einwirkungen gesch\u00e4digt. Das Schleudern erfolgt \"stockwarm\", das hei\u00dft mit der Temperatur, welche im Bienenstock herrscht.<\/span><\/p>\n<p>&nbsp;<\/p>\n<p style=\"text-align: center;\"><span style=\"font-size: 24px;\"><strong><span style=\"font-family: 'trebuchet ms', geneva, sans-serif; color: #800000;\">Eine zus\u00e4tzliche Erw\u00e4rmung nehmen wir nicht vor.<\/span><\/strong><\/span><\/p>\n<\/div>\n<\/div><\/div><\/div><div id=\"pgc-734-4-2\"  class=\"panel-grid-cell panel-grid-cell-empty\" ><\/div><\/div><div id=\"pg-734-5\"  class=\"panel-grid panel-no-style\" ><div id=\"pgc-734-5-0\"  class=\"panel-grid-cell panel-grid-cell-empty\" ><\/div><\/div><\/div>","protected":false},"excerpt":{"rendered":"<p>Die Honigschleuderung &nbsp; Der Honig wird in der Wabe gesammelt und mit dem k\u00f6rpereigenen Wachs der Bienen verschlossen. Nach Entfernen der Wachsdeckel wird der stockwarme und d\u00fcnnfl\u00fcssige Honig in einer Honigschleuder aus den Waben gewonnen. &nbsp; &nbsp; Nur gut gef\u00fcllte und vollst\u00e4ndig verdeckelte Honigwaben werden den V\u00f6lkern bei der Ernte entnommen. Nach dem Entdeckeln, welches [&hellip;]<\/p>\n","protected":false},"author":1,"featured_media":0,"parent":0,"menu_order":0,"comment_status":"closed","ping_status":"closed","template":"","meta":{"footnotes":""},"class_list":["post-734","page","type-page","status-publish","hentry","post"],"_links":{"self":[{"href":"https:\/\/www.blumenbiene.de\/index.php\/wp-json\/wp\/v2\/pages\/734","targetHints":{"allow":["GET"]}}],"collection":[{"href":"https:\/\/www.blumenbiene.de\/index.php\/wp-json\/wp\/v2\/pages"}],"about":[{"href":"https:\/\/www.blumenbiene.de\/index.php\/wp-json\/wp\/v2\/types\/page"}],"author":[{"embeddable":true,"href":"https:\/\/www.blumenbiene.de\/index.php\/wp-json\/wp\/v2\/users\/1"}],"replies":[{"embeddable":true,"href":"https:\/\/www.blumenbiene.de\/index.php\/wp-json\/wp\/v2\/comments?post=734"}],"version-history":[{"count":69,"href":"https:\/\/www.blumenbiene.de\/index.php\/wp-json\/wp\/v2\/pages\/734\/revisions"}],"predecessor-version":[{"id":2075,"href":"https:\/\/www.blumenbiene.de\/index.php\/wp-json\/wp\/v2\/pages\/734\/revisions\/2075"}],"wp:attachment":[{"href":"https:\/\/www.blumenbiene.de\/index.php\/wp-json\/wp\/v2\/media?parent=734"}],"curies":[{"name":"wp","href":"https:\/\/api.w.org\/{rel}","templated":true}]}}