{"id":2076,"date":"2021-01-06T09:58:40","date_gmt":"2021-01-06T08:58:40","guid":{"rendered":"http:\/\/www.blumenbiene.de\/?page_id=2076"},"modified":"2022-08-14T14:35:46","modified_gmt":"2022-08-14T12:35:46","slug":"das-wachs","status":"publish","type":"page","link":"https:\/\/www.blumenbiene.de\/index.php\/das-wachs\/","title":{"rendered":"Das Wachs"},"content":{"rendered":"<div id=\"pl-2076\"  class=\"panel-layout\" ><div id=\"pg-2076-0\"  class=\"panel-grid panel-no-style\" ><div id=\"pgc-2076-0-0\"  class=\"panel-grid-cell\" ><div id=\"panel-2076-0-0-0\" class=\"so-panel widget widget_sow-editor panel-first-child panel-last-child\" data-index=\"0\" ><div\n\t\t\t\n\t\t\tclass=\"so-widget-sow-editor so-widget-sow-editor-base\"\n\t\t\t\n\t\t>\n<div class=\"siteorigin-widget-tinymce textwidget\">\n\t<p style=\"text-align: center;\"><span style=\"color: #800000;\"><strong><span style=\"font-family: 'trebuchet ms', geneva, sans-serif; font-size: 24px;\">Das Wachs unserer Bienen<\/span><\/strong><\/span><\/p>\n<p style=\"text-align: center;\"><span style=\"font-family: 'trebuchet ms', geneva, sans-serif; font-size: 20px; color: #003300;\">Bienenwachs ist das Material, aus dem die Bienen ihre Honigwaben bauen. Und diese Waben sind von immenser Bedeutung \u2013 schlie\u00dflich sichern sie den Bienen das \u00dcberleben. Die selbst hergestellten Waben dienen nicht nur als Kinderstube f\u00fcr den Nachwuchs, sondern auch als Schlaf- und Vorratskammer.<\/span><\/p>\n<\/div>\n<\/div><\/div><\/div><\/div><div id=\"pg-2076-1\"  class=\"panel-grid panel-no-style\" ><div id=\"pgc-2076-1-0\"  class=\"panel-grid-cell\" ><div id=\"panel-2076-1-0-0\" class=\"so-panel widget widget_sow-editor panel-first-child panel-last-child\" data-index=\"1\" ><div\n\t\t\t\n\t\t\tclass=\"so-widget-sow-editor so-widget-sow-editor-base\"\n\t\t\t\n\t\t>\n<div class=\"siteorigin-widget-tinymce textwidget\">\n\t<p><img loading=\"lazy\" decoding=\"async\" class=\"aligncenter wp-image-1420 size-medium\" src=\"http:\/\/www.blumenbiene.de\/wp-content\/uploads\/2020\/02\/Wachs-1-1-300x253.jpg\" alt=\"\" width=\"300\" height=\"253\" srcset=\"https:\/\/www.blumenbiene.de\/wp-content\/uploads\/2020\/02\/Wachs-1-1-300x253.jpg 300w, https:\/\/www.blumenbiene.de\/wp-content\/uploads\/2020\/02\/Wachs-1-1-100x84.jpg 100w, https:\/\/www.blumenbiene.de\/wp-content\/uploads\/2020\/02\/Wachs-1-1.jpg 585w\" sizes=\"auto, (max-width: 300px) 100vw, 300px\" \/><\/p>\n<\/div>\n<\/div><\/div><\/div><div id=\"pgc-2076-1-1\"  class=\"panel-grid-cell\" ><div id=\"panel-2076-1-1-0\" class=\"so-panel widget widget_sow-editor panel-first-child panel-last-child\" data-index=\"2\" ><div class=\"panel-widget-style panel-widget-style-for-2076-1-1-0\" ><div\n\t\t\t\n\t\t\tclass=\"so-widget-sow-editor so-widget-sow-editor-base\"\n\t\t\t\n\t\t>\n<div class=\"siteorigin-widget-tinymce textwidget\">\n\t<p>&nbsp;<\/p>\n<p style=\"text-align: center;\"><span style=\"font-family: 'trebuchet ms', geneva, sans-serif; font-size: 20px; color: #800000;\">F\u00fcr den Wabenbau verwenden wir nur unbelastetes Bienenwachs aus der eigenen Imkerei. Durch unseren eigenen Wachskreislauf, und durch althergebrachte konservative Desinfektionsmethoden, durch intensives abkochen der Altwaben und mehrmaliges kl\u00e4ren des Wachses, sowie unsere biologische Betriebsweise, ist eine Chemische Verunreinigung vollst\u00e4ndig ausgeschlossen.<\/span><\/p>\n<\/div>\n<\/div><\/div><\/div><\/div><\/div><div id=\"pg-2076-2\"  class=\"panel-grid panel-no-style\" ><div id=\"pgc-2076-2-0\"  class=\"panel-grid-cell\" ><div id=\"panel-2076-2-0-0\" class=\"so-panel widget widget_sow-editor panel-first-child panel-last-child\" data-index=\"3\" ><div class=\"panel-widget-style panel-widget-style-for-2076-2-0-0\" ><div\n\t\t\t\n\t\t\tclass=\"so-widget-sow-editor so-widget-sow-editor-base\"\n\t\t\t\n\t\t>\n<div class=\"siteorigin-widget-tinymce textwidget\">\n\t<h2 id=\"wie-erntet-der-imker-bienenwachs-60\"><\/h2>\n<p style=\"text-align: center;\"><span style=\"font-size: 20px; font-family: 'trebuchet ms', geneva, sans-serif; color: #003300;\">Um Bienenwachs zu gewinnen wird das <strong>Entdeckelungswachs<\/strong> welches in gr\u00f6\u00dferen Mengen bei der Honigschleuderung anf\u00e4llt, gesammelt und in einem daf\u00fcr geeignetem Kessel im Wasserbad aufgekocht. Nach mehrmaligem Filtern und anschlie\u00dfendem Kl\u00e4ren l\u00e4\u00dft man das Wachs in\u00a0 Beh\u00e4ltnissen abk\u00fchlen. Die nun entstandenen Wachsbl\u00f6cke werden anschlie\u00dfend zu neuen Mittelw\u00e4nden weiterverarbeitet.<\/span><\/p>\n<p>&nbsp;<\/p>\n<\/div>\n<\/div><\/div><\/div><\/div><div id=\"pgc-2076-2-1\"  class=\"panel-grid-cell\" ><div id=\"panel-2076-2-1-0\" class=\"so-panel widget widget_sow-editor panel-first-child panel-last-child\" data-index=\"4\" ><div\n\t\t\t\n\t\t\tclass=\"so-widget-sow-editor so-widget-sow-editor-base\"\n\t\t\t\n\t\t>\n<div class=\"siteorigin-widget-tinymce textwidget\">\n\t<p><img loading=\"lazy\" decoding=\"async\" class=\"aligncenter wp-image-2081\" src=\"http:\/\/www.blumenbiene.dewp-content\/uploads\/2021\/01\/20171007_163041-2017_11_07-12_29_57-UTC-300x204.png\" alt=\"\" width=\"500\" height=\"340\" srcset=\"https:\/\/www.blumenbiene.de\/wp-content\/uploads\/2021\/01\/20171007_163041-2017_11_07-12_29_57-UTC-300x204.png 300w, https:\/\/www.blumenbiene.de\/wp-content\/uploads\/2021\/01\/20171007_163041-2017_11_07-12_29_57-UTC-100x68.png 100w, https:\/\/www.blumenbiene.de\/wp-content\/uploads\/2021\/01\/20171007_163041-2017_11_07-12_29_57-UTC-768x523.png 768w, https:\/\/www.blumenbiene.de\/wp-content\/uploads\/2021\/01\/20171007_163041-2017_11_07-12_29_57-UTC.png 774w\" sizes=\"auto, (max-width: 500px) 100vw, 500px\" \/><\/p>\n<\/div>\n<\/div><\/div><\/div><\/div><div id=\"pg-2076-3\"  class=\"panel-grid panel-no-style\" ><div id=\"pgc-2076-3-0\"  class=\"panel-grid-cell\" ><div id=\"panel-2076-3-0-0\" class=\"so-panel widget widget_sow-editor panel-first-child panel-last-child\" data-index=\"5\" ><div\n\t\t\t\n\t\t\tclass=\"so-widget-sow-editor so-widget-sow-editor-base\"\n\t\t\t\n\t\t>\n<div class=\"siteorigin-widget-tinymce textwidget\">\n\t<p style=\"text-align: center;\"><strong><span style=\"font-family: 'trebuchet ms', geneva, sans-serif; font-size: 24px; color: #800000;\">Bienenwachs ist Indikator f\u00fcr eine reine und chemiefreie gef\u00fchrte Imkerei. Das in unserer Imkerei verwendete Wachs ist ausschlie\u00dflich von unseren Bienen erzeugtes reines und unbelastetes Bienenwachs. Die st\u00e4ndigen Wachsuntesuchungen der Uni Stuttgart\/Hohenheim best\u00e4tigen unsere Arbeit.<\/span><\/strong><\/p>\n<p>&nbsp;<\/p>\n<\/div>\n<\/div><\/div><\/div><\/div><\/div>","protected":false},"excerpt":{"rendered":"<p>Das Wachs unserer Bienen Bienenwachs ist das Material, aus dem die Bienen ihre Honigwaben bauen. Und diese Waben sind von immenser Bedeutung \u2013 schlie\u00dflich sichern sie den Bienen das \u00dcberleben. Die selbst hergestellten Waben dienen nicht nur als Kinderstube f\u00fcr den Nachwuchs, sondern auch als Schlaf- und Vorratskammer. &nbsp; F\u00fcr den Wabenbau verwenden wir nur [&hellip;]<\/p>\n","protected":false},"author":1,"featured_media":0,"parent":0,"menu_order":0,"comment_status":"closed","ping_status":"closed","template":"","meta":{"footnotes":""},"class_list":["post-2076","page","type-page","status-publish","hentry","post"],"_links":{"self":[{"href":"https:\/\/www.blumenbiene.de\/index.php\/wp-json\/wp\/v2\/pages\/2076","targetHints":{"allow":["GET"]}}],"collection":[{"href":"https:\/\/www.blumenbiene.de\/index.php\/wp-json\/wp\/v2\/pages"}],"about":[{"href":"https:\/\/www.blumenbiene.de\/index.php\/wp-json\/wp\/v2\/types\/page"}],"author":[{"embeddable":true,"href":"https:\/\/www.blumenbiene.de\/index.php\/wp-json\/wp\/v2\/users\/1"}],"replies":[{"embeddable":true,"href":"https:\/\/www.blumenbiene.de\/index.php\/wp-json\/wp\/v2\/comments?post=2076"}],"version-history":[{"count":14,"href":"https:\/\/www.blumenbiene.de\/index.php\/wp-json\/wp\/v2\/pages\/2076\/revisions"}],"predecessor-version":[{"id":2387,"href":"https:\/\/www.blumenbiene.de\/index.php\/wp-json\/wp\/v2\/pages\/2076\/revisions\/2387"}],"wp:attachment":[{"href":"https:\/\/www.blumenbiene.de\/index.php\/wp-json\/wp\/v2\/media?parent=2076"}],"curies":[{"name":"wp","href":"https:\/\/api.w.org\/{rel}","templated":true}]}}