{"id":1598,"date":"2020-11-17T09:44:44","date_gmt":"2020-11-17T08:44:44","guid":{"rendered":"http:\/\/www.blumenbiene.de\/?page_id=1598"},"modified":"2026-02-07T16:06:20","modified_gmt":"2026-02-07T15:06:20","slug":"aktuelles","status":"publish","type":"page","link":"https:\/\/www.blumenbiene.de\/index.php\/aktuelles\/","title":{"rendered":"Aktuelles"},"content":{"rendered":"<div id=\"pl-1598\"  class=\"panel-layout\" ><div id=\"pg-1598-0\"  class=\"panel-grid panel-no-style\" ><div id=\"pgc-1598-0-0\"  class=\"panel-grid-cell\" ><div id=\"panel-1598-0-0-0\" class=\"so-panel widget widget_sow-editor panel-first-child panel-last-child\" data-index=\"0\" ><div\n\t\t\t\n\t\t\tclass=\"so-widget-sow-editor so-widget-sow-editor-base\"\n\t\t\t\n\t\t>\n<div class=\"siteorigin-widget-tinymce textwidget\">\n\t<p>&nbsp;<\/p>\n<p><img loading=\"lazy\" decoding=\"async\" class=\"wp-image-2195 size-large aligncenter\" src=\"https:\/\/www.blumenbiene.de\/wp-content\/uploads\/2021\/02\/MD001480-2016_12_10-18_08_16-UTC-2018_01_29-15_12_30-UTC-scaled-e1629277916531-1024x504.jpg\" alt=\"\" width=\"720\" height=\"354\" srcset=\"https:\/\/www.blumenbiene.de\/wp-content\/uploads\/2021\/02\/MD001480-2016_12_10-18_08_16-UTC-2018_01_29-15_12_30-UTC-scaled-e1629277916531-1024x504.jpg 1024w, https:\/\/www.blumenbiene.de\/wp-content\/uploads\/2021\/02\/MD001480-2016_12_10-18_08_16-UTC-2018_01_29-15_12_30-UTC-scaled-e1629277916531-300x148.jpg 300w, https:\/\/www.blumenbiene.de\/wp-content\/uploads\/2021\/02\/MD001480-2016_12_10-18_08_16-UTC-2018_01_29-15_12_30-UTC-scaled-e1629277916531-768x378.jpg 768w, https:\/\/www.blumenbiene.de\/wp-content\/uploads\/2021\/02\/MD001480-2016_12_10-18_08_16-UTC-2018_01_29-15_12_30-UTC-scaled-e1629277916531-1536x756.jpg 1536w, https:\/\/www.blumenbiene.de\/wp-content\/uploads\/2021\/02\/MD001480-2016_12_10-18_08_16-UTC-2018_01_29-15_12_30-UTC-scaled-e1629277916531.jpg 1659w\" sizes=\"auto, (max-width: 720px) 100vw, 720px\" \/><\/p>\n<p>&nbsp;<\/p>\n<p>&nbsp;<\/p>\n<p style=\"text-align: center;\"><span style=\"color: #800000;\"><strong><span style=\"font-size: 32px;\"><span style=\"font-family: 'trebuchet ms', geneva, sans-serif;\">Unsere Bienen stehen in den Startl\u00f6chern und k\u00f6nnen den Fr\u00fchling kaum erwarten.<\/span><\/span><\/strong><\/span><\/p>\n<p style=\"text-align: center;\"><span style=\"color: #800000;\"><strong><span style=\"font-size: 32px;\"><span style=\"font-family: 'trebuchet ms', geneva, sans-serif;\">Bleiben Sie gesund.<\/span><\/span><\/strong><\/span><\/p>\n<p style=\"text-align: center;\"><span style=\"font-size: 28px; font-family: 'trebuchet ms', geneva, sans-serif; color: #800000; background-color: #ffff99;\">Unser <span style=\"color: #003300;\"><em><strong>Internet- Honigl\u00e4dchen<\/strong><\/em><\/span> ist geschlossen !<\/span><\/p>\n<p style=\"text-align: center;\"><strong><span style=\"font-family: 'trebuchet ms', geneva, sans-serif; font-size: 24px; color: #800000;\">In unserer Verkaufsstelle in Malkomes freuen wir uns auf Ihren Besuch.<\/span><\/strong><\/p>\n<p>&nbsp;<\/p>\n<p style=\"text-align: center;\"><span style=\"background-color: #ccffcc;\"><strong><a style=\"background-color: #ccffcc;\" href=\"https:\/\/www.honigretten.de\/\" target=\"_blank\" rel=\"noopener\"><span style=\"font-size: 28px; font-family: 'trebuchet ms', geneva, sans-serif; color: #800000; background-color: #ccffcc;\"><span style=\"font-size: 24px; background-color: #ccffcc;\"><span style=\"color: #ff0000;\">Kaufen Sie Echten Deutschen Honig bei dem Imker Ihres Vertrauens, denn nur so sind Sie vor F\u00e4lschungen gesch\u00fctzt.\u00a0<\/span><\/span><\/span><\/a><\/strong><\/span><\/p>\n<\/div>\n<\/div><\/div><\/div><\/div><\/div>","protected":false},"excerpt":{"rendered":"<p>&nbsp; &nbsp; &nbsp; Unsere Bienen stehen in den Startl\u00f6chern und k\u00f6nnen den Fr\u00fchling kaum erwarten. Bleiben Sie gesund. Unser Internet- Honigl\u00e4dchen ist geschlossen ! In unserer Verkaufsstelle in Malkomes freuen wir uns auf Ihren Besuch. &nbsp; Kaufen Sie Echten Deutschen Honig bei dem Imker Ihres Vertrauens, denn nur so sind Sie vor F\u00e4lschungen gesch\u00fctzt.\u00a0<\/p>\n","protected":false},"author":1,"featured_media":0,"parent":0,"menu_order":0,"comment_status":"closed","ping_status":"closed","template":"","meta":{"footnotes":""},"class_list":["post-1598","page","type-page","status-publish","hentry","post"],"_links":{"self":[{"href":"https:\/\/www.blumenbiene.de\/index.php\/wp-json\/wp\/v2\/pages\/1598","targetHints":{"allow":["GET"]}}],"collection":[{"href":"https:\/\/www.blumenbiene.de\/index.php\/wp-json\/wp\/v2\/pages"}],"about":[{"href":"https:\/\/www.blumenbiene.de\/index.php\/wp-json\/wp\/v2\/types\/page"}],"author":[{"embeddable":true,"href":"https:\/\/www.blumenbiene.de\/index.php\/wp-json\/wp\/v2\/users\/1"}],"replies":[{"embeddable":true,"href":"https:\/\/www.blumenbiene.de\/index.php\/wp-json\/wp\/v2\/comments?post=1598"}],"version-history":[{"count":92,"href":"https:\/\/www.blumenbiene.de\/index.php\/wp-json\/wp\/v2\/pages\/1598\/revisions"}],"predecessor-version":[{"id":2634,"href":"https:\/\/www.blumenbiene.de\/index.php\/wp-json\/wp\/v2\/pages\/1598\/revisions\/2634"}],"wp:attachment":[{"href":"https:\/\/www.blumenbiene.de\/index.php\/wp-json\/wp\/v2\/media?parent=1598"}],"curies":[{"name":"wp","href":"https:\/\/api.w.org\/{rel}","templated":true}]}}